{"id":1559712,"date":"2026-02-10T11:58:35","date_gmt":"2026-02-10T11:58:35","guid":{"rendered":"https:\/\/www.67pallmall.com\/politique-de-confidentialite\/"},"modified":"2026-02-10T11:58:36","modified_gmt":"2026-02-10T11:58:36","slug":"politique-de-confidentialite","status":"publish","type":"page","link":"https:\/\/www.67pallmall.com\/fr\/politique-de-confidentialite\/","title":{"rendered":"Politique de confidentialit\u00e9"},"content":{"rendered":"\n<h2 class=\"wp-block-heading\">Qui nous sommes<\/h2>\n\n<p>L&#8217;adresse de notre site web est : http:\/\/wpengine.com.<\/p>\n\n<h2 class=\"wp-block-heading\">Quelles donn\u00e9es personnelles nous collectons et pourquoi nous les collectons<\/h2>\n\n<h3 class=\"wp-block-heading\">Commentaires<\/h3>\n\n<p>Lorsque les visiteurs laissent des commentaires sur le site, nous collectons les donn\u00e9es affich\u00e9es dans le formulaire de commentaires, ainsi que l&#8217;adresse IP du visiteur et la cha\u00eene d&#8217;agent utilisateur du navigateur pour aider \u00e0 la d\u00e9tection de spam.<\/p>\n\n<p>Une cha\u00eene anonymis\u00e9e cr\u00e9\u00e9e \u00e0 partir de votre adresse e-mail (\u00e9galement appel\u00e9e hachage) peut \u00eatre fournie au service Gravatar pour voir si vous l&#8217;utilisez. La politique de confidentialit\u00e9 du service Gravatar est disponible ici : https:\/\/automattic.com\/privacy\/. Apr\u00e8s approbation de votre commentaire, votre photo de profil est visible du public dans le contexte de votre commentaire. <\/p>\n\n<h3 class=\"wp-block-heading\">M\u00e9dia<\/h3>\n\n<p>Si vous t\u00e9l\u00e9chargez des images sur le site web, vous devriez \u00e9viter de t\u00e9l\u00e9charger des images avec des donn\u00e9es de localisation int\u00e9gr\u00e9es (EXIF GPS) incluses. Les visiteurs du site web peuvent t\u00e9l\u00e9charger et extraire toute donn\u00e9e de localisation des images sur le site web. <\/p>\n\n<h3 class=\"wp-block-heading\">Formulaires de contact<\/h3>\n\n<h3 class=\"wp-block-heading\">Cookies<\/h3>\n\n<p>Si vous laissez un commentaire sur notre site, vous pouvez choisir de sauvegarder votre nom, adresse e-mail et site web dans des cookies. Ceux-ci sont pour votre commodit\u00e9 afin que vous n&#8217;ayez pas \u00e0 remplir vos d\u00e9tails \u00e0 nouveau lorsque vous laissez un autre commentaire. Ces cookies dureront un an.  <\/p>\n\n<p>Si vous visitez notre page de connexion, nous d\u00e9finirons un cookie temporaire pour d\u00e9terminer si votre navigateur accepte les cookies. Ce cookie ne contient aucune donn\u00e9e personnelle et est supprim\u00e9 lorsque vous fermez votre navigateur. <\/p>\n\n<p>Lorsque vous vous connectez, nous d\u00e9finirons \u00e9galement plusieurs cookies pour sauvegarder vos informations de connexion et vos choix d&#8217;affichage d&#8217;\u00e9cran. Les cookies de connexion durent deux jours, et les cookies d&#8217;options d&#8217;\u00e9cran durent un an. Si vous s\u00e9lectionnez \u00ab Se souvenir de moi \u00bb, votre connexion persistera pendant deux semaines. Si vous vous d\u00e9connectez de votre compte, les cookies de connexion seront supprim\u00e9s.   <\/p>\n\n<p>Si vous modifiez ou publiez un article, un cookie suppl\u00e9mentaire sera sauvegard\u00e9 dans votre navigateur. Ce cookie n&#8217;inclut aucune donn\u00e9e personnelle et indique simplement l&#8217;ID de l&#8217;article que vous venez de modifier. Il expire apr\u00e8s 1 jour.  <\/p>\n\n<h3 class=\"wp-block-heading\">Contenu int\u00e9gr\u00e9 d&#8217;autres sites web<\/h3>\n\n<p>Les articles de ce site peuvent inclure du contenu int\u00e9gr\u00e9 (par exemple des vid\u00e9os, images, articles, etc.). Le contenu int\u00e9gr\u00e9 d&#8217;autres sites web se comporte exactement de la m\u00eame mani\u00e8re que si le visiteur avait visit\u00e9 l&#8217;autre site web. <\/p>\n\n<p>Ces sites web peuvent collecter des donn\u00e9es \u00e0 votre sujet, utiliser des cookies, int\u00e9grer un suivi tiers suppl\u00e9mentaire et surveiller votre interaction avec ce contenu int\u00e9gr\u00e9, y compris le suivi de votre interaction avec le contenu int\u00e9gr\u00e9 si vous avez un compte et \u00eates connect\u00e9 \u00e0 ce site web.<\/p>\n\n<h3 class=\"wp-block-heading\">Analyses<\/h3>\n\n<h2 class=\"wp-block-heading\">Avec qui nous partageons vos donn\u00e9es<\/h2>\n\n<h2 class=\"wp-block-heading\">Combien de temps nous conservons vos donn\u00e9es<\/h2>\n\n<p>Si vous laissez un commentaire, le commentaire et ses m\u00e9tadonn\u00e9es sont conserv\u00e9s ind\u00e9finiment. Cela nous permet de reconna\u00eetre et d&#8217;approuver automatiquement tout commentaire de suivi au lieu de les maintenir dans une file d&#8217;attente de mod\u00e9ration. <\/p>\n\n<p>Pour les utilisateurs qui s&#8217;inscrivent sur notre site web (le cas \u00e9ch\u00e9ant), nous stockons \u00e9galement les informations personnelles qu&#8217;ils fournissent dans leur profil utilisateur. Tous les utilisateurs peuvent voir, modifier ou supprimer leurs informations personnelles \u00e0 tout moment (sauf qu&#8217;ils ne peuvent pas changer leur nom d&#8217;utilisateur). Les administrateurs du site web peuvent \u00e9galement voir et modifier ces informations.  <\/p>\n\n<h2 class=\"wp-block-heading\">Quels droits vous avez sur vos donn\u00e9es<\/h2>\n\n<p>Si vous avez un compte sur ce site ou si vous avez laiss\u00e9 des commentaires, vous pouvez demander \u00e0 recevoir un fichier export\u00e9 des donn\u00e9es personnelles que nous d\u00e9tenons \u00e0 votre sujet, y compris toutes les donn\u00e9es que vous nous avez fournies. Vous pouvez \u00e9galement demander que nous supprimions toutes les donn\u00e9es personnelles que nous d\u00e9tenons \u00e0 votre sujet. Cela n&#8217;inclut pas les donn\u00e9es que nous sommes oblig\u00e9s de conserver \u00e0 des fins administratives, l\u00e9gales ou de s\u00e9curit\u00e9.  <\/p>\n\n<h2 class=\"wp-block-heading\">O\u00f9 nous envoyons vos donn\u00e9es<\/h2>\n\n<p>Les commentaires des visiteurs peuvent \u00eatre v\u00e9rifi\u00e9s par un service automatis\u00e9 de d\u00e9tection de spam.<\/p>\n\n<h2 class=\"wp-block-heading\">Vos informations de contact<\/h2>\n\n<h2 class=\"wp-block-heading\">Informations suppl\u00e9mentaires<\/h2>\n\n<h3 class=\"wp-block-heading\">Comment nous prot\u00e9geons vos donn\u00e9es<\/h3>\n\n<h3 class=\"wp-block-heading\">Quelles proc\u00e9dures de violation de donn\u00e9es nous avons en place<\/h3>\n\n<h3 class=\"wp-block-heading\">De quels tiers nous recevons des donn\u00e9es<\/h3>\n\n<h3 class=\"wp-block-heading\">Quelle prise de d\u00e9cision automatis\u00e9e et\/ou profilage nous effectuons avec les donn\u00e9es utilisateur<\/h3>\n\n<h3 class=\"wp-block-heading\">Exigences de divulgation r\u00e9glementaire de l&#8217;industrie<\/h3>\n","protected":false},"excerpt":{"rendered":"<p>Qui nous sommes L&#8217;adresse de notre site web est : http:\/\/wpengine.com. Quelles donn\u00e9es personnelles nous collectons et pourquoi nous les collectons Commentaires Lorsque les visiteurs laissent des commentaires sur le site, nous collectons les donn\u00e9es affich\u00e9es dans le formulaire de commentaires, ainsi que l&#8217;adresse IP du visiteur et la cha\u00eene d&#8217;agent utilisateur du navigateur pour [&hellip;]<\/p>\n","protected":false},"author":1,"featured_media":451260,"parent":0,"menu_order":0,"comment_status":"closed","ping_status":"closed","template":"","meta":{"_acf_changed":false,"_price":"","_stock":"","_tribe_ticket_header":"","_tribe_default_ticket_provider":"","_tribe_ticket_capacity":"0","_ticket_start_date":"","_ticket_end_date":"","_tribe_ticket_show_description":"","_tribe_ticket_show_not_going":false,"_tribe_ticket_use_global_stock":"","_tribe_ticket_global_stock_level":"","_global_stock_mode":"","_global_stock_cap":"","_tribe_rsvp_for_event":"","_tribe_ticket_going_count":"","_tribe_ticket_not_going_count":"","_tribe_tickets_list":"[]","_tribe_ticket_has_attendee_info_fields":false,"footnotes":""},"class_list":["post-1559712","page","type-page","status-publish","has-post-thumbnail","hentry"],"acf":[],"yoast_head":"<!-- This site is optimized with the Yoast SEO plugin v27.3 - https:\/\/yoast.com\/product\/yoast-seo-wordpress\/ -->\n<title>Politique de confidentialit\u00e9 - 67 Pall Mall<\/title>\n<meta name=\"description\" content=\"67 Pall Mall prend tr\u00e8s au s\u00e9rieux les donn\u00e9es et celles de ses membres. Cliquez ici pour voir plus d&#039;informations sur notre politique de confidentialit\u00e9.\" \/>\n<meta name=\"robots\" content=\"index, follow, max-snippet:-1, max-image-preview:large, max-video-preview:-1\" \/>\n<link rel=\"canonical\" href=\"https:\/\/www.67pallmall.com\/fr\/politique-de-confidentialite\/\" \/>\n<meta property=\"og:locale\" content=\"fr_FR\" \/>\n<meta property=\"og:type\" content=\"article\" \/>\n<meta property=\"og:title\" content=\"Politique de confidentialit\u00e9 - 67 Pall Mall\" \/>\n<meta property=\"og:description\" content=\"67 Pall Mall prend tr\u00e8s au s\u00e9rieux les donn\u00e9es et celles de ses membres. Cliquez ici pour voir plus d&#039;informations sur notre politique de confidentialit\u00e9.\" \/>\n<meta property=\"og:url\" content=\"https:\/\/www.67pallmall.com\/fr\/politique-de-confidentialite\/\" \/>\n<meta property=\"og:site_name\" content=\"67 Pall Mall\" \/>\n<meta property=\"article:publisher\" content=\"https:\/\/www.facebook.com\/67PallMall\/\" \/>\n<meta property=\"article:modified_time\" content=\"2026-02-10T11:58:36+00:00\" \/>\n<meta property=\"og:image\" content=\"https:\/\/www.67pallmall.com\/wp-content\/uploads\/2022\/04\/67-Pall-Mall-Exterior.jpg\" \/>\n\t<meta property=\"og:image:width\" content=\"1500\" \/>\n\t<meta property=\"og:image:height\" content=\"999\" \/>\n\t<meta property=\"og:image:type\" content=\"image\/jpeg\" \/>\n<meta name=\"twitter:card\" content=\"summary_large_image\" \/>\n<meta name=\"twitter:site\" content=\"@67pallmall\" \/>\n<meta name=\"twitter:label1\" content=\"Est. reading time\" \/>\n\t<meta name=\"twitter:data1\" content=\"4 minutes\" \/>\n<script type=\"application\/ld+json\" class=\"yoast-schema-graph\">{\"@context\":\"https:\\\/\\\/schema.org\",\"@graph\":[{\"@type\":\"WebPage\",\"@id\":\"https:\\\/\\\/www.67pallmall.com\\\/fr\\\/politique-de-confidentialite\\\/\",\"url\":\"https:\\\/\\\/www.67pallmall.com\\\/fr\\\/politique-de-confidentialite\\\/\",\"name\":\"Politique de confidentialit\u00e9 - 67 Pall Mall\",\"isPartOf\":{\"@id\":\"https:\\\/\\\/www.67pallmall.com\\\/#website\"},\"primaryImageOfPage\":{\"@id\":\"https:\\\/\\\/www.67pallmall.com\\\/fr\\\/politique-de-confidentialite\\\/#primaryimage\"},\"image\":{\"@id\":\"https:\\\/\\\/www.67pallmall.com\\\/fr\\\/politique-de-confidentialite\\\/#primaryimage\"},\"thumbnailUrl\":\"https:\\\/\\\/www.67pallmall.com\\\/wp-content\\\/uploads\\\/2022\\\/04\\\/67-Pall-Mall-Exterior.jpg\",\"datePublished\":\"2026-02-10T11:58:35+00:00\",\"dateModified\":\"2026-02-10T11:58:36+00:00\",\"description\":\"67 Pall Mall prend tr\u00e8s au s\u00e9rieux les donn\u00e9es et celles de ses membres. Cliquez ici pour voir plus d'informations sur notre politique de confidentialit\u00e9.\",\"breadcrumb\":{\"@id\":\"https:\\\/\\\/www.67pallmall.com\\\/fr\\\/politique-de-confidentialite\\\/#breadcrumb\"},\"inLanguage\":\"fr-FR\",\"potentialAction\":[{\"@type\":\"ReadAction\",\"target\":[\"https:\\\/\\\/www.67pallmall.com\\\/fr\\\/politique-de-confidentialite\\\/\"]}]},{\"@type\":\"ImageObject\",\"inLanguage\":\"fr-FR\",\"@id\":\"https:\\\/\\\/www.67pallmall.com\\\/fr\\\/politique-de-confidentialite\\\/#primaryimage\",\"url\":\"https:\\\/\\\/www.67pallmall.com\\\/wp-content\\\/uploads\\\/2022\\\/04\\\/67-Pall-Mall-Exterior.jpg\",\"contentUrl\":\"https:\\\/\\\/www.67pallmall.com\\\/wp-content\\\/uploads\\\/2022\\\/04\\\/67-Pall-Mall-Exterior.jpg\",\"width\":1500,\"height\":999},{\"@type\":\"BreadcrumbList\",\"@id\":\"https:\\\/\\\/www.67pallmall.com\\\/fr\\\/politique-de-confidentialite\\\/#breadcrumb\",\"itemListElement\":[{\"@type\":\"ListItem\",\"position\":1,\"name\":\"Home\",\"item\":\"https:\\\/\\\/www.67pallmall.com\\\/fr\\\/\"},{\"@type\":\"ListItem\",\"position\":2,\"name\":\"Politique de confidentialit\u00e9\"}]},{\"@type\":\"WebSite\",\"@id\":\"https:\\\/\\\/www.67pallmall.com\\\/#website\",\"url\":\"https:\\\/\\\/www.67pallmall.com\\\/\",\"name\":\"67 Pall Mall\",\"description\":\"Founded by wine lovers, for wine lovers.\",\"publisher\":{\"@id\":\"https:\\\/\\\/www.67pallmall.com\\\/#organization\"},\"potentialAction\":[{\"@type\":\"SearchAction\",\"target\":{\"@type\":\"EntryPoint\",\"urlTemplate\":\"https:\\\/\\\/www.67pallmall.com\\\/?s={search_term_string}\"},\"query-input\":{\"@type\":\"PropertyValueSpecification\",\"valueRequired\":true,\"valueName\":\"search_term_string\"}}],\"inLanguage\":\"fr-FR\"},{\"@type\":\"Organization\",\"@id\":\"https:\\\/\\\/www.67pallmall.com\\\/#organization\",\"name\":\"67 Pall Mall\",\"url\":\"https:\\\/\\\/www.67pallmall.com\\\/\",\"logo\":{\"@type\":\"ImageObject\",\"inLanguage\":\"fr-FR\",\"@id\":\"https:\\\/\\\/www.67pallmall.com\\\/#\\\/schema\\\/logo\\\/image\\\/\",\"url\":\"https:\\\/\\\/www.67pallmall.com\\\/wp-content\\\/uploads\\\/2021\\\/07\\\/BRONZE-LOGO.png\",\"contentUrl\":\"https:\\\/\\\/www.67pallmall.com\\\/wp-content\\\/uploads\\\/2021\\\/07\\\/BRONZE-LOGO.png\",\"width\":1182,\"height\":788,\"caption\":\"67 Pall Mall\"},\"image\":{\"@id\":\"https:\\\/\\\/www.67pallmall.com\\\/#\\\/schema\\\/logo\\\/image\\\/\"},\"sameAs\":[\"https:\\\/\\\/www.facebook.com\\\/67PallMall\\\/\",\"https:\\\/\\\/x.com\\\/67pallmall\",\"https:\\\/\\\/www.instagram.com\\\/67pall_mall\\\/\",\"https:\\\/\\\/www.linkedin.com\\\/company\\\/67-pall-mall\",\"https:\\\/\\\/www.youtube.com\\\/channel\\\/UCLyY3tZgKCkWRz1sGfebjAQ\",\"https:\\\/\\\/www.instagram.com\\\/67pallmallsg\\\/\",\"https:\\\/\\\/www.instagram.com\\\/67pallmallverbier\\\/\"]}]}<\/script>\n<!-- \/ Yoast SEO plugin. -->","yoast_head_json":{"title":"Politique de confidentialit\u00e9 - 67 Pall Mall","description":"67 Pall Mall prend tr\u00e8s au s\u00e9rieux les donn\u00e9es et celles de ses membres. Cliquez ici pour voir plus d'informations sur notre politique de confidentialit\u00e9.","robots":{"index":"index","follow":"follow","max-snippet":"max-snippet:-1","max-image-preview":"max-image-preview:large","max-video-preview":"max-video-preview:-1"},"canonical":"https:\/\/www.67pallmall.com\/fr\/politique-de-confidentialite\/","og_locale":"fr_FR","og_type":"article","og_title":"Politique de confidentialit\u00e9 - 67 Pall Mall","og_description":"67 Pall Mall prend tr\u00e8s au s\u00e9rieux les donn\u00e9es et celles de ses membres. Cliquez ici pour voir plus d'informations sur notre politique de confidentialit\u00e9.","og_url":"https:\/\/www.67pallmall.com\/fr\/politique-de-confidentialite\/","og_site_name":"67 Pall Mall","article_publisher":"https:\/\/www.facebook.com\/67PallMall\/","article_modified_time":"2026-02-10T11:58:36+00:00","og_image":[{"width":1500,"height":999,"url":"https:\/\/www.67pallmall.com\/wp-content\/uploads\/2022\/04\/67-Pall-Mall-Exterior.jpg","type":"image\/jpeg"}],"twitter_card":"summary_large_image","twitter_site":"@67pallmall","twitter_misc":{"Est. reading time":"4 minutes"},"schema":{"@context":"https:\/\/schema.org","@graph":[{"@type":"WebPage","@id":"https:\/\/www.67pallmall.com\/fr\/politique-de-confidentialite\/","url":"https:\/\/www.67pallmall.com\/fr\/politique-de-confidentialite\/","name":"Politique de confidentialit\u00e9 - 67 Pall Mall","isPartOf":{"@id":"https:\/\/www.67pallmall.com\/#website"},"primaryImageOfPage":{"@id":"https:\/\/www.67pallmall.com\/fr\/politique-de-confidentialite\/#primaryimage"},"image":{"@id":"https:\/\/www.67pallmall.com\/fr\/politique-de-confidentialite\/#primaryimage"},"thumbnailUrl":"https:\/\/www.67pallmall.com\/wp-content\/uploads\/2022\/04\/67-Pall-Mall-Exterior.jpg","datePublished":"2026-02-10T11:58:35+00:00","dateModified":"2026-02-10T11:58:36+00:00","description":"67 Pall Mall prend tr\u00e8s au s\u00e9rieux les donn\u00e9es et celles de ses membres. Cliquez ici pour voir plus d'informations sur notre politique de confidentialit\u00e9.","breadcrumb":{"@id":"https:\/\/www.67pallmall.com\/fr\/politique-de-confidentialite\/#breadcrumb"},"inLanguage":"fr-FR","potentialAction":[{"@type":"ReadAction","target":["https:\/\/www.67pallmall.com\/fr\/politique-de-confidentialite\/"]}]},{"@type":"ImageObject","inLanguage":"fr-FR","@id":"https:\/\/www.67pallmall.com\/fr\/politique-de-confidentialite\/#primaryimage","url":"https:\/\/www.67pallmall.com\/wp-content\/uploads\/2022\/04\/67-Pall-Mall-Exterior.jpg","contentUrl":"https:\/\/www.67pallmall.com\/wp-content\/uploads\/2022\/04\/67-Pall-Mall-Exterior.jpg","width":1500,"height":999},{"@type":"BreadcrumbList","@id":"https:\/\/www.67pallmall.com\/fr\/politique-de-confidentialite\/#breadcrumb","itemListElement":[{"@type":"ListItem","position":1,"name":"Home","item":"https:\/\/www.67pallmall.com\/fr\/"},{"@type":"ListItem","position":2,"name":"Politique de confidentialit\u00e9"}]},{"@type":"WebSite","@id":"https:\/\/www.67pallmall.com\/#website","url":"https:\/\/www.67pallmall.com\/","name":"67 Pall Mall","description":"Founded by wine lovers, for wine lovers.","publisher":{"@id":"https:\/\/www.67pallmall.com\/#organization"},"potentialAction":[{"@type":"SearchAction","target":{"@type":"EntryPoint","urlTemplate":"https:\/\/www.67pallmall.com\/?s={search_term_string}"},"query-input":{"@type":"PropertyValueSpecification","valueRequired":true,"valueName":"search_term_string"}}],"inLanguage":"fr-FR"},{"@type":"Organization","@id":"https:\/\/www.67pallmall.com\/#organization","name":"67 Pall Mall","url":"https:\/\/www.67pallmall.com\/","logo":{"@type":"ImageObject","inLanguage":"fr-FR","@id":"https:\/\/www.67pallmall.com\/#\/schema\/logo\/image\/","url":"https:\/\/www.67pallmall.com\/wp-content\/uploads\/2021\/07\/BRONZE-LOGO.png","contentUrl":"https:\/\/www.67pallmall.com\/wp-content\/uploads\/2021\/07\/BRONZE-LOGO.png","width":1182,"height":788,"caption":"67 Pall Mall"},"image":{"@id":"https:\/\/www.67pallmall.com\/#\/schema\/logo\/image\/"},"sameAs":["https:\/\/www.facebook.com\/67PallMall\/","https:\/\/x.com\/67pallmall","https:\/\/www.instagram.com\/67pall_mall\/","https:\/\/www.linkedin.com\/company\/67-pall-mall","https:\/\/www.youtube.com\/channel\/UCLyY3tZgKCkWRz1sGfebjAQ","https:\/\/www.instagram.com\/67pallmallsg\/","https:\/\/www.instagram.com\/67pallmallverbier\/"]}]}},"ticketed":false,"_links":{"self":[{"href":"https:\/\/www.67pallmall.com\/fr\/wp-json\/wp\/v2\/pages\/1559712","targetHints":{"allow":["GET"]}}],"collection":[{"href":"https:\/\/www.67pallmall.com\/fr\/wp-json\/wp\/v2\/pages"}],"about":[{"href":"https:\/\/www.67pallmall.com\/fr\/wp-json\/wp\/v2\/types\/page"}],"author":[{"embeddable":true,"href":"https:\/\/www.67pallmall.com\/fr\/wp-json\/wp\/v2\/users\/1"}],"replies":[{"embeddable":true,"href":"https:\/\/www.67pallmall.com\/fr\/wp-json\/wp\/v2\/comments?post=1559712"}],"version-history":[{"count":0,"href":"https:\/\/www.67pallmall.com\/fr\/wp-json\/wp\/v2\/pages\/1559712\/revisions"}],"wp:featuredmedia":[{"embeddable":true,"href":"https:\/\/www.67pallmall.com\/fr\/wp-json\/wp\/v2\/media\/451260"}],"wp:attachment":[{"href":"https:\/\/www.67pallmall.com\/fr\/wp-json\/wp\/v2\/media?parent=1559712"}],"curies":[{"name":"wp","href":"https:\/\/api.w.org\/{rel}","templated":true}]}}